{"id":9,"date":"2010-04-19T17:51:16","date_gmt":"2010-04-19T14:51:16","guid":{"rendered":"http:\/\/tuttopizza.lt\/?page_id=9"},"modified":"2026-04-14T15:17:00","modified_gmt":"2026-04-14T12:17:00","slug":"akcijos","status":"publish","type":"page","link":"http:\/\/tuttopizza.lt\/?page_id=9","title":{"rendered":"Akcijos"},"content":{"rendered":"<p><span style=\"text-decoration: underline;\"><em><strong>2026-04-14 &#8211; 2026-04-18:<\/strong><\/em><\/span><\/p>\n<p>\u0160ios savait\u0117s pica &#8211; <strong>Tradicin\u0117<\/strong>.<\/p>\n<p><span style=\"text-decoration: underline;\"><em><strong>2026-03-31 &#8211; 2026-04-25:<\/strong><\/em><\/span><\/p>\n<p>Kvie\u010diame i\u0161bandyti \u0161ias dienos picas:<\/p>\n<table style=\"margin-bottom: 10px;\" cellspacing=\"8\">\n<tbody>\n<tr>\n<td><span style=\"font-size: 16px;\">Antradienis:<\/span><\/td>\n<td align=\"center\"><span style=\"font-size: 16px; font-weight: bold;\">Turino<\/span><\/td>\n<\/tr>\n<tr>\n<td><span style=\"font-size: 16px;\">Tre\u010diadienis:<\/span><\/td>\n<td align=\"center\"><span style=\"font-size: 16px; font-weight: bold;\">Havaj\u0173<\/span><\/td>\n<\/tr>\n<tr>\n<td><span style=\"font-size: 16px;\">Ketvirtadienis:<\/span><\/td>\n<td align=\"center\"><span style=\"font-size: 16px; font-weight: bold;\">Milano<\/span><\/td>\n<\/tr>\n<tr>\n<td><span style=\"font-size: 16px;\">Penktadienis:<\/span><\/td>\n<td align=\"center\"><span style=\"font-size: 16px; font-weight: bold;\">Bolonijos<\/span><\/td>\n<\/tr>\n<tr>\n<td><span style=\"font-size: 16px;\">\u0160e\u0161tadienis:<\/span><\/td>\n<td align=\"center\"><span style=\"font-size: 16px; font-weight: bold;\">Pikanti\u0161koji<\/span><\/td>\n<\/tr>\n<\/tbody>\n<\/table>\n<p><span style=\"text-decoration: underline;\"><em><strong>2025-04-29:<\/strong><\/em><\/span><\/p>\n<p>Dabar <strong>42 cm<\/strong> savait\u0117s pica <strong>tik 9,50 <\/strong><span class=\"st\"><strong>\u20ac<\/strong>, kiekvien\u0105 savait\u0119 vis kita<\/span>!<\/p>\n<p><span style=\"text-decoration: underline;\"><em><strong>2025-04-29:<\/strong><\/em><\/span><\/p>\n<p>Nuo \u0161iol geresni pasi\u016blymai picoms kasdien iki 16:00, <strong>32 cm<\/strong> dienos pica <strong>tik 7 \u20ac<\/strong>.<\/p>\n","protected":false},"excerpt":{"rendered":"<p>2026-04-14 &#8211; 2026-04-18: \u0160ios savait\u0117s pica &#8211; Tradicin\u0117. 2026-03-31 &#8211; 2026-04-25: Kvie\u010diame i\u0161bandyti \u0161ias dienos picas: Antradienis: Turino Tre\u010diadienis: Havaj\u0173 Ketvirtadienis: Milano Penktadienis: Bolonijos \u0160e\u0161tadienis: Pikanti\u0161koji 2025-04-29: Dabar 42 cm savait\u0117s pica tik 9,50 \u20ac, kiekvien\u0105 savait\u0119 vis kita! 2025-04-29: Nuo \u0161iol geresni pasi\u016blymai picoms kasdien iki 16:00, 32 cm dienos pica tik 7 \u20ac.<\/p>\n","protected":false},"author":1,"featured_media":0,"parent":0,"menu_order":1,"comment_status":"open","ping_status":"open","template":"","meta":[],"_links":{"self":[{"href":"http:\/\/tuttopizza.lt\/index.php?rest_route=\/wp\/v2\/pages\/9"}],"collection":[{"href":"http:\/\/tuttopizza.lt\/index.php?rest_route=\/wp\/v2\/pages"}],"about":[{"href":"http:\/\/tuttopizza.lt\/index.php?rest_route=\/wp\/v2\/types\/page"}],"author":[{"embeddable":true,"href":"http:\/\/tuttopizza.lt\/index.php?rest_route=\/wp\/v2\/users\/1"}],"replies":[{"embeddable":true,"href":"http:\/\/tuttopizza.lt\/index.php?rest_route=%2Fwp%2Fv2%2Fcomments&post=9"}],"version-history":[{"count":941,"href":"http:\/\/tuttopizza.lt\/index.php?rest_route=\/wp\/v2\/pages\/9\/revisions"}],"predecessor-version":[{"id":1864,"href":"http:\/\/tuttopizza.lt\/index.php?rest_route=\/wp\/v2\/pages\/9\/revisions\/1864"}],"wp:attachment":[{"href":"http:\/\/tuttopizza.lt\/index.php?rest_route=%2Fwp%2Fv2%2Fmedia&parent=9"}],"curies":[{"name":"wp","href":"https:\/\/api.w.org\/{rel}","templated":true}]}}