{"id":11,"date":"2010-04-19T17:53:03","date_gmt":"2010-04-19T14:53:03","guid":{"rendered":"http:\/\/tuttopizza.lt\/?page_id=11"},"modified":"2026-01-02T13:46:10","modified_gmt":"2026-01-02T11:46:10","slug":"valgiarastis","status":"publish","type":"page","link":"https:\/\/tuttopizza.lt\/","title":{"rendered":"Meniu"},"content":{"rendered":"<p>Valgiara\u0161t\u012f su m\u016bs\u0173 si\u016blomomis picomis ir kitais patiekalais, galite rasti: <a href=\"https:\/\/tuttopizza.lt\/wp-content\/uploads\/2025\/01\/Tutto-Pizza-meniu-A3-2024-07.pdf\" target=\"_blank\" rel=\"noopener noreferrer\"><strong>\u010cia<\/strong><\/a>. (spausti nuorod\u0105)<\/p>\n<p>Dabar m\u0117gstamiausias picas skanaukite pigiau su dienos ir savait\u0117s pic\u0173 <a href=\"https:\/\/tuttopizza.lt\/?page_id=9\"><strong>pasi\u016blymais<\/strong><\/a>!<\/p>\n<p><img decoding=\"async\" loading=\"lazy\" class=\"aligncenter size-full wp-image-43\" title=\"Tutto Pizza\" src=\"https:\/\/tuttopizza.lt\/wp-content\/uploads\/2010\/04\/aaa.jpg\" alt=\"Tutto Pizza\" width=\"350\" height=\"250\" border=\"1\" srcset=\"https:\/\/tuttopizza.lt\/wp-content\/uploads\/2010\/04\/aaa.jpg 350w, https:\/\/tuttopizza.lt\/wp-content\/uploads\/2010\/04\/aaa-300x214.jpg 300w\" sizes=\"(max-width: 350px) 100vw, 350px\" \/><\/p>\n","protected":false},"excerpt":{"rendered":"<p>Valgiara\u0161t\u012f su m\u016bs\u0173 si\u016blomomis picomis ir kitais patiekalais, galite rasti: \u010cia. (spausti nuorod\u0105) Dabar m\u0117gstamiausias picas skanaukite pigiau su dienos ir savait\u0117s pic\u0173 pasi\u016blymais!<\/p>\n","protected":false},"author":1,"featured_media":0,"parent":0,"menu_order":2,"comment_status":"open","ping_status":"open","template":"","meta":[],"_links":{"self":[{"href":"https:\/\/tuttopizza.lt\/index.php?rest_route=\/wp\/v2\/pages\/11"}],"collection":[{"href":"https:\/\/tuttopizza.lt\/index.php?rest_route=\/wp\/v2\/pages"}],"about":[{"href":"https:\/\/tuttopizza.lt\/index.php?rest_route=\/wp\/v2\/types\/page"}],"author":[{"embeddable":true,"href":"https:\/\/tuttopizza.lt\/index.php?rest_route=\/wp\/v2\/users\/1"}],"replies":[{"embeddable":true,"href":"https:\/\/tuttopizza.lt\/index.php?rest_route=%2Fwp%2Fv2%2Fcomments&post=11"}],"version-history":[{"count":299,"href":"https:\/\/tuttopizza.lt\/index.php?rest_route=\/wp\/v2\/pages\/11\/revisions"}],"predecessor-version":[{"id":1842,"href":"https:\/\/tuttopizza.lt\/index.php?rest_route=\/wp\/v2\/pages\/11\/revisions\/1842"}],"wp:attachment":[{"href":"https:\/\/tuttopizza.lt\/index.php?rest_route=%2Fwp%2Fv2%2Fmedia&parent=11"}],"curies":[{"name":"wp","href":"https:\/\/api.w.org\/{rel}","templated":true}]}}