{"id":2,"date":"2010-03-20T20:48:07","date_gmt":"2010-03-20T20:48:07","guid":{"rendered":"http:\/\/tuttopizza.lt\/?page_id=2"},"modified":"2026-01-02T13:46:17","modified_gmt":"2026-01-02T11:46:17","slug":"about","status":"publish","type":"page","link":"https:\/\/tuttopizza.lt\/?page_id=2","title":{"rendered":"Kontaktai"},"content":{"rendered":"<p><strong><span style=\"text-decoration: underline;\">Adresas<\/span><\/strong><\/p>\n<p>V. Kr\u0117v\u0117s pr. 104A, Kaunas.<\/p>\n<p><iframe loading=\"lazy\" style=\"border: 1;\" src=\"https:\/\/www.google.com\/maps\/embed?pb=!1m14!1m8!1m3!1d963.9815864870915!2d23.991384992751314!3d54.92490247114046!3m2!1i1024!2i768!4f13.1!3m3!1m2!1s0x0%3A0x5bdd9547d8e5e7f9!2sTUTTO%20PIZZA%2C%20picerija%2C%20UAB%20ALMEKA!5e0!3m2!1slt!2slt!4v1580472898735!5m2!1slt!2slt\" width=\"300\" height=\"250\" frameborder=\"1\" allowfullscreen=\"allowfullscreen\"><\/iframe><\/p>\n<p><strong><span style=\"text-decoration: underline;\">Darbo laikas<\/span><\/strong><\/p>\n<table style=\"margin-bottom: 10px;\" cellspacing=\"5\">\n<tbody>\n<tr>\n<td><span style=\"font-size: 16px;\">I<\/span><\/td>\n<td align=\"center\"><span style=\"font-size: 16px;\"><span class=\"st\"> \u2013 <\/span><\/span><\/td>\n<\/tr>\n<tr>\n<td><span style=\"font-size: 16px;\">II\u2013III<\/span><\/td>\n<td><span style=\"font-size: 16px;\">11<span class=\"st\"> \u2013 <\/span>20<\/span><\/td>\n<\/tr>\n<tr>\n<td><span style=\"font-size: 16px;\">IV\u2013V<\/span><\/td>\n<td><span style=\"font-size: 16px;\">11<span class=\"st\"> \u2013 <\/span>21<\/span><\/td>\n<\/tr>\n<tr>\n<td><span style=\"font-size: 16px;\">VI<\/span><\/td>\n<td><span style=\"font-size: 16px;\">11<span class=\"st\"> \u2013 <\/span>20<\/span><\/td>\n<\/tr>\n<tr>\n<td><span style=\"font-size: 16px;\">VII<\/span><\/td>\n<td align=\"center\"><span style=\"font-size: 16px;\"><span class=\"st\"> \u2013 <\/span><\/span><\/td>\n<\/tr>\n<\/tbody>\n<\/table>\n<p><strong><span style=\"text-decoration: underline;\">Telefonas<\/span><\/strong><\/p>\n<p><strong><a href=\"tel:+37064200044\">8 642 00 044<\/a><\/strong><\/p>\n<p>Nedvejodami galite si\u0173sti savo atsiliepimus, pageidavimus, bei pasi\u016blymus el. pa\u0161tu:<\/p>\n<p><strong><a href=\"mailto:info@tuttopizza.lt\">info@tuttopizza.lt<\/a><\/strong><\/p>\n\n\n<p><\/p>\n","protected":false},"excerpt":{"rendered":"<p>Adresas V. Kr\u0117v\u0117s pr. 104A, Kaunas. Darbo laikas I \u2013 II\u2013III 11 \u2013 20 IV\u2013V 11 \u2013 21 VI 11 \u2013 20 VII \u2013 Telefonas 8 642 00 044 Nedvejodami galite si\u0173sti savo atsiliepimus, pageidavimus, bei pasi\u016blymus el. pa\u0161tu: info@tuttopizza.lt<\/p>\n","protected":false},"author":1,"featured_media":0,"parent":0,"menu_order":3,"comment_status":"closed","ping_status":"open","template":"","meta":[],"_links":{"self":[{"href":"https:\/\/tuttopizza.lt\/index.php?rest_route=\/wp\/v2\/pages\/2"}],"collection":[{"href":"https:\/\/tuttopizza.lt\/index.php?rest_route=\/wp\/v2\/pages"}],"about":[{"href":"https:\/\/tuttopizza.lt\/index.php?rest_route=\/wp\/v2\/types\/page"}],"author":[{"embeddable":true,"href":"https:\/\/tuttopizza.lt\/index.php?rest_route=\/wp\/v2\/users\/1"}],"replies":[{"embeddable":true,"href":"https:\/\/tuttopizza.lt\/index.php?rest_route=%2Fwp%2Fv2%2Fcomments&post=2"}],"version-history":[{"count":386,"href":"https:\/\/tuttopizza.lt\/index.php?rest_route=\/wp\/v2\/pages\/2\/revisions"}],"predecessor-version":[{"id":1843,"href":"https:\/\/tuttopizza.lt\/index.php?rest_route=\/wp\/v2\/pages\/2\/revisions\/1843"}],"wp:attachment":[{"href":"https:\/\/tuttopizza.lt\/index.php?rest_route=%2Fwp%2Fv2%2Fmedia&parent=2"}],"curies":[{"name":"wp","href":"https:\/\/api.w.org\/{rel}","templated":true}]}}